{"id":810,"date":"2023-06-18T13:53:08","date_gmt":"2023-06-18T17:53:08","guid":{"rendered":"https:\/\/bien-etre-solidaire.com\/?page_id=810"},"modified":"2023-06-19T19:36:42","modified_gmt":"2023-06-19T23:36:42","slug":"tirelires-medias-et-visuels","status":"publish","type":"page","link":"https:\/\/bien-etre-solidaire.com\/index.php\/tirelires-medias-et-visuels\/","title":{"rendered":"Tirelires : M\u00e9dias et visuels"},"content":{"rendered":"\n<h2 class=\"wp-block-heading has-text-align-center\"><strong>FLYER<\/strong><\/h2>\n\n\n\n<figure class=\"wp-block-image size-large\"><img loading=\"lazy\" decoding=\"async\" width=\"724\" height=\"1024\" src=\"https:\/\/bien-etre-solidaire.com\/wp-content\/uploads\/2023\/06\/Flyer-lancement-tirelires-724x1024.jpg\" alt=\"\" class=\"wp-image-807\" srcset=\"https:\/\/bien-etre-solidaire.com\/wp-content\/uploads\/2023\/06\/Flyer-lancement-tirelires-724x1024.jpg 724w, https:\/\/bien-etre-solidaire.com\/wp-content\/uploads\/2023\/06\/Flyer-lancement-tirelires-212x300.jpg 212w, https:\/\/bien-etre-solidaire.com\/wp-content\/uploads\/2023\/06\/Flyer-lancement-tirelires-768x1086.jpg 768w, https:\/\/bien-etre-solidaire.com\/wp-content\/uploads\/2023\/06\/Flyer-lancement-tirelires-1087x1536.jpg 1087w, https:\/\/bien-etre-solidaire.com\/wp-content\/uploads\/2023\/06\/Flyer-lancement-tirelires.jpg 1132w\" sizes=\"auto, (max-width: 724px) 100vw, 724px\" \/><\/figure>\n\n\n\n<p><\/p>\n\n\n\n<h2 class=\"wp-block-heading has-text-align-center\"><strong>AUTOCOLLANTS<\/strong><\/h2>\n\n\n\n<p><\/p>\n\n\n\n<div class=\"wp-block-media-text alignwide is-stacked-on-mobile\" style=\"grid-template-columns:57% auto\"><figure class=\"wp-block-media-text__media\"><img loading=\"lazy\" decoding=\"async\" width=\"1024\" height=\"1024\" src=\"https:\/\/bien-etre-solidaire.com\/wp-content\/uploads\/2023\/06\/image.png\" alt=\"\" class=\"wp-image-803 size-full\" srcset=\"https:\/\/bien-etre-solidaire.com\/wp-content\/uploads\/2023\/06\/image.png 1024w, https:\/\/bien-etre-solidaire.com\/wp-content\/uploads\/2023\/06\/image-300x300.png 300w, https:\/\/bien-etre-solidaire.com\/wp-content\/uploads\/2023\/06\/image-150x150.png 150w, https:\/\/bien-etre-solidaire.com\/wp-content\/uploads\/2023\/06\/image-768x768.png 768w\" sizes=\"auto, (max-width: 1024px) 100vw, 1024px\" \/><\/figure><div class=\"wp-block-media-text__content\">\n<p><\/p>\n<\/div><\/div>\n\n\n\n<p><\/p>\n\n\n\n<h2 class=\"wp-block-heading has-text-align-center\"><strong>BON CADEAUX<\/strong><\/h2>\n\n\n\n<p><\/p>\n\n\n\n<figure class=\"wp-block-image size-large\"><img loading=\"lazy\" decoding=\"async\" width=\"1024\" height=\"727\" src=\"https:\/\/bien-etre-solidaire.com\/wp-content\/uploads\/2023\/06\/BON-CADEAU-valide-1024x727.jpg\" alt=\"\" class=\"wp-image-811\" srcset=\"https:\/\/bien-etre-solidaire.com\/wp-content\/uploads\/2023\/06\/BON-CADEAU-valide-1024x727.jpg 1024w, https:\/\/bien-etre-solidaire.com\/wp-content\/uploads\/2023\/06\/BON-CADEAU-valide-300x213.jpg 300w, https:\/\/bien-etre-solidaire.com\/wp-content\/uploads\/2023\/06\/BON-CADEAU-valide-768x545.jpg 768w, https:\/\/bien-etre-solidaire.com\/wp-content\/uploads\/2023\/06\/BON-CADEAU-valide.jpg 1280w\" sizes=\"auto, (max-width: 1024px) 100vw, 1024px\" \/><\/figure>\n\n\n\n<p><\/p>\n\n\n\n<p><\/p>\n\n\n\n<p><\/p>\n\n\n\n<h2 class=\"wp-block-heading has-text-align-center\"><strong>TIRELIRES<\/strong><\/h2>\n\n\n\n<p><\/p>\n\n\n\n<div class=\"wp-block-media-text alignwide is-stacked-on-mobile\" style=\"grid-template-columns:23% auto\"><figure class=\"wp-block-media-text__media\"><img loading=\"lazy\" decoding=\"async\" width=\"952\" height=\"1024\" src=\"https:\/\/bien-etre-solidaire.com\/wp-content\/uploads\/2023\/06\/WhatsApp-Image-2023-06-13-a-16.54.32-952x1024.jpg\" alt=\"\" class=\"wp-image-779 size-full\" srcset=\"https:\/\/bien-etre-solidaire.com\/wp-content\/uploads\/2023\/06\/WhatsApp-Image-2023-06-13-a-16.54.32-952x1024.jpg 952w, https:\/\/bien-etre-solidaire.com\/wp-content\/uploads\/2023\/06\/WhatsApp-Image-2023-06-13-a-16.54.32-279x300.jpg 279w, https:\/\/bien-etre-solidaire.com\/wp-content\/uploads\/2023\/06\/WhatsApp-Image-2023-06-13-a-16.54.32-768x826.jpg 768w, https:\/\/bien-etre-solidaire.com\/wp-content\/uploads\/2023\/06\/WhatsApp-Image-2023-06-13-a-16.54.32-1428x1536.jpg 1428w, https:\/\/bien-etre-solidaire.com\/wp-content\/uploads\/2023\/06\/WhatsApp-Image-2023-06-13-a-16.54.32.jpg 1488w\" sizes=\"auto, (max-width: 952px) 100vw, 952px\" \/><\/figure><div class=\"wp-block-media-text__content\">\n<p>Pour cr\u00e9ez vos propres tirelires, munissez vous de papier A4 type bristol, de ciseaux et de colle.<br>D\u2019abords, imprimez une des maquettes disponibles ci-dessous (au format PDF),<br>que vous pourrez d\u00e9couper, plier suivant les pointill\u00e9s et coller.<\/p>\n<\/div><\/div>\n\n\n\n<p><\/p>\n\n\n\n<div class=\"_3d-flip-book  fb3d-fullscreen-mode full-size\" data-id=\"881\" data-mode=\"fullscreen\" data-title=\"false\" data-template=\"short-white-book-view\" data-lightbox=\"dark-shadow\" data-urlparam=\"fb3d-page\" data-page-n=\"0\" data-pdf=\"\" data-tax=\"null\" data-thumbnail=\"\" data-cols=\"3\" data-book-template=\"default\" data-trigger=\"\"><\/div><script type=\"text\/javascript\">window.FB3D_CLIENT_DATA = window.FB3D_CLIENT_DATA || [];FB3D_CLIENT_DATA.push('eyJwb3N0cyI6eyI4ODEiOnsiSUQiOjg4MSwidGl0bGUiOiJNYXF1ZXR0ZSB0aXJlbGlyZSByb3NlIGJsZXUiLCJ0eXBlIjoicGRmIiwicmVhZHlfZnVuY3Rpb24iOiIiLCJib29rX3N0eWxlIjoidm9sdW1lLXBhZGRpbmdzLXVucm9sbGluZyIsImJvb2tfdGVtcGxhdGUiOiJub25lIiwib3V0bGluZSI6W10sImRhdGEiOnsicG9zdF9JRCI6Ijg4MiIsImd1aWQiOiJodHRwczpcL1wvYmllbi1ldHJlLXNvbGlkYWlyZS5jb21cL3dwLWNvbnRlbnRcL3VwbG9hZHNcLzIwMjNcLzA2XC9NYXF1ZXR0ZS10aXJlbGlyZS1NQkVTLXJvc2UtYmxldS5wZGYiLCJwZGZfcGFnZXMiOiIyIiwicGFnZXNfY3VzdG9taXphdGlvbiI6Im5vbmUifSwidGh1bWJuYWlsIjp7ImRhdGEiOnsicG9zdF9JRCI6IjAifSwidHlwZSI6ImF1dG8ifSwicHJvcHMiOnsiYmFja2dyb3VuZENvbG9yIjoiYXV0byIsImJhY2tncm91bmRJbWFnZSI6ImF1dG8iLCJiYWNrZ3JvdW5kU3R5bGUiOiJhdXRvIiwiaGlnaGxpZ2h0TGlua3MiOiJhdXRvIiwibGlnaHRpbmciOiJhdXRvIiwiY2FjaGVkUGFnZXMiOiJhdXRvIiwicmVuZGVySW5hY3RpdmVQYWdlcyI6ImF1dG8iLCJyZW5kZXJJbmFjdGl2ZVBhZ2VzT25Nb2JpbGUiOiJhdXRvIiwicmVuZGVyV2hpbGVGbGlwcGluZyI6ImF1dG8iLCJwcmVsb2FkUGFnZXMiOiJhdXRvIiwiYXV0b1BsYXlEdXJhdGlvbiI6ImF1dG8iLCJydGwiOiJhdXRvIiwiaW50ZXJhY3RpdmVDb3JuZXJzIjoiYXV0byIsIm1heERlcHRoIjoiYXV0byIsInNoZWV0Ijp7InN0YXJ0VmVsb2NpdHkiOiJhdXRvIiwid2F2ZSI6ImF1dG8iLCJzaGFwZSI6ImF1dG8iLCJ3aWR0aFRleGVscyI6ImF1dG8iLCJjb2xvciI6ImF1dG8iLCJzaWRlIjoiYXV0byIsImNvcm5lckRldmlhdGlvbiI6ImF1dG8iLCJmbGV4aWJpbGl0eSI6ImF1dG8iLCJmbGV4aWJsZUNvcm5lciI6ImF1dG8iLCJiZW5kaW5nIjoiYXV0byIsImhlaWdodFRleGVscyI6ImF1dG8ifSwiY292ZXIiOnsid2F2ZSI6ImF1dG8iLCJjb2xvciI6ImF1dG8iLCJzaWRlIjoiYXV0byIsImJpbmRlclRleHR1cmUiOiJhdXRvIiwiZGVwdGgiOiJhdXRvIiwicGFkZGluZyI6ImF1dG8iLCJzdGFydFZlbG9jaXR5IjoiYXV0byIsImZsZXhpYmlsaXR5IjoiYXV0byIsImZsZXhpYmxlQ29ybmVyIjoiYXV0byIsImJlbmRpbmciOiJhdXRvIiwid2lkdGhUZXhlbHMiOiJhdXRvIiwiaGVpZ2h0VGV4ZWxzIjoiYXV0byIsIm1hc3MiOiJhdXRvIiwic2hhcGUiOiJhdXRvIn0sInBhZ2UiOnsid2F2ZSI6ImF1dG8iLCJjb2xvciI6ImF1dG8iLCJzaWRlIjoiYXV0byIsImRlcHRoIjoiYXV0byIsInN0YXJ0VmVsb2NpdHkiOiJhdXRvIiwiZmxleGliaWxpdHkiOiJhdXRvIiwiZmxleGlibGVDb3JuZXIiOiJhdXRvIiwiYmVuZGluZyI6ImF1dG8iLCJ3aWR0aFRleGVscyI6ImF1dG8iLCJoZWlnaHRUZXhlbHMiOiJhdXRvIiwibWFzcyI6ImF1dG8iLCJzaGFwZSI6ImF1dG8ifSwiaGVpZ2h0IjoiYXV0byIsIndpZHRoIjoiYXV0byIsImdyYXZpdHkiOiJhdXRvIiwicGFnZXNGb3JQcmVkaWN0aW5nIjoiYXV0byJ9LCJjb250cm9sUHJvcHMiOnsiYWN0aW9ucyI6eyJjbWRUb2MiOnsiZW5hYmxlZCI6ImF1dG8iLCJlbmFibGVkSW5OYXJyb3ciOiJhdXRvIiwiYWN0aXZlIjoiYXV0byIsImRlZmF1bHRUYWIiOiJhdXRvIn0sImNtZEF1dG9QbGF5Ijp7ImVuYWJsZWQiOiJhdXRvIiwiZW5hYmxlZEluTmFycm93IjoiYXV0byIsImFjdGl2ZSI6ImF1dG8ifSwiY21kU2F2ZSI6eyJlbmFibGVkIjoiYXV0byIsImVuYWJsZWRJbk5hcnJvdyI6ImF1dG8ifSwiY21kUHJpbnQiOnsiZW5hYmxlZCI6ImF1dG8iLCJlbmFibGVkSW5OYXJyb3ciOiJhdXRvIn0sImNtZFNpbmdsZVBhZ2UiOnsiZW5hYmxlZCI6ImF1dG8iLCJlbmFibGVkSW5OYXJyb3ciOiJhdXRvIiwiYWN0aXZlIjoiYXV0byIsImFjdGl2ZUZvck1vYmlsZSI6ImF1dG8ifSwid2lkVG9vbGJhciI6eyJlbmFibGVkIjoiYXV0byIsImVuYWJsZWRJbk5hcnJvdyI6ImF1dG8ifX19LCJhdXRvVGh1bWJuYWlsIjoiaHR0cHM6XC9cL2JpZW4tZXRyZS1zb2xpZGFpcmUuY29tXC93cC1jb250ZW50XC91cGxvYWRzXC8zZC1mbGlwLWJvb2tcL2F1dG8tdGh1bWJuYWlsc1wvODgxLnBuZyIsInBvc3RfbmFtZSI6Im1hcXVldHRlLXRpcmVsaXJlLXJvc2UtYmxldSIsInBvc3RfdHlwZSI6IjNkLWZsaXAtYm9vayJ9fSwicGFnZXMiOltdLCJmaXJzdFBhZ2VzIjpbXX0=');window.FB3D_CLIENT_LOCALE && FB3D_CLIENT_LOCALE.render && FB3D_CLIENT_LOCALE.render();<\/script>\n\n\n\n<p><\/p>\n\n\n\n<div class=\"_3d-flip-book  fb3d-fullscreen-mode full-size\" data-id=\"883\" data-mode=\"fullscreen\" data-title=\"false\" data-template=\"short-white-book-view\" data-lightbox=\"dark-shadow\" data-urlparam=\"fb3d-page\" data-page-n=\"0\" data-pdf=\"\" data-tax=\"null\" data-thumbnail=\"\" data-cols=\"3\" data-book-template=\"default\" data-trigger=\"\"><\/div><script type=\"text\/javascript\">window.FB3D_CLIENT_DATA = window.FB3D_CLIENT_DATA || [];FB3D_CLIENT_DATA.push('eyJwb3N0cyI6eyI4ODMiOnsiSUQiOjg4MywidGl0bGUiOiJNYXF1ZXR0ZSB0aXJlbGlyZSB2ZXJ0IG9yYW5nZSIsInR5cGUiOiJwZGYiLCJyZWFkeV9mdW5jdGlvbiI6IiIsImJvb2tfc3R5bGUiOiJ2b2x1bWUtcGFkZGluZ3MtdW5yb2xsaW5nIiwiYm9va190ZW1wbGF0ZSI6Im5vbmUiLCJvdXRsaW5lIjpbXSwiZGF0YSI6eyJwb3N0X0lEIjoiODg0IiwiZ3VpZCI6Imh0dHBzOlwvXC9iaWVuLWV0cmUtc29saWRhaXJlLmNvbVwvd3AtY29udGVudFwvdXBsb2Fkc1wvMjAyM1wvMDZcL01hcXVldHRlLXRpcmVsaXJlLU1CRVMtdmVydC1vcmFuZ2UucGRmIiwicGRmX3BhZ2VzIjoiMiIsInBhZ2VzX2N1c3RvbWl6YXRpb24iOiJub25lIn0sInRodW1ibmFpbCI6eyJkYXRhIjp7InBvc3RfSUQiOiIwIn0sInR5cGUiOiJhdXRvIn0sInByb3BzIjp7ImJhY2tncm91bmRDb2xvciI6ImF1dG8iLCJiYWNrZ3JvdW5kSW1hZ2UiOiJhdXRvIiwiYmFja2dyb3VuZFN0eWxlIjoiYXV0byIsImhpZ2hsaWdodExpbmtzIjoiYXV0byIsImxpZ2h0aW5nIjoiYXV0byIsImNhY2hlZFBhZ2VzIjoiYXV0byIsInJlbmRlckluYWN0aXZlUGFnZXMiOiJhdXRvIiwicmVuZGVySW5hY3RpdmVQYWdlc09uTW9iaWxlIjoiYXV0byIsInJlbmRlcldoaWxlRmxpcHBpbmciOiJhdXRvIiwicHJlbG9hZFBhZ2VzIjoiYXV0byIsImF1dG9QbGF5RHVyYXRpb24iOiJhdXRvIiwicnRsIjoiYXV0byIsImludGVyYWN0aXZlQ29ybmVycyI6ImF1dG8iLCJtYXhEZXB0aCI6ImF1dG8iLCJzaGVldCI6eyJzdGFydFZlbG9jaXR5IjoiYXV0byIsIndhdmUiOiJhdXRvIiwic2hhcGUiOiJhdXRvIiwid2lkdGhUZXhlbHMiOiJhdXRvIiwiY29sb3IiOiJhdXRvIiwic2lkZSI6ImF1dG8iLCJjb3JuZXJEZXZpYXRpb24iOiJhdXRvIiwiZmxleGliaWxpdHkiOiJhdXRvIiwiZmxleGlibGVDb3JuZXIiOiJhdXRvIiwiYmVuZGluZyI6ImF1dG8iLCJoZWlnaHRUZXhlbHMiOiJhdXRvIn0sImNvdmVyIjp7IndhdmUiOiJhdXRvIiwiY29sb3IiOiJhdXRvIiwic2lkZSI6ImF1dG8iLCJiaW5kZXJUZXh0dXJlIjoiYXV0byIsImRlcHRoIjoiYXV0byIsInBhZGRpbmciOiJhdXRvIiwic3RhcnRWZWxvY2l0eSI6ImF1dG8iLCJmbGV4aWJpbGl0eSI6ImF1dG8iLCJmbGV4aWJsZUNvcm5lciI6ImF1dG8iLCJiZW5kaW5nIjoiYXV0byIsIndpZHRoVGV4ZWxzIjoiYXV0byIsImhlaWdodFRleGVscyI6ImF1dG8iLCJtYXNzIjoiYXV0byIsInNoYXBlIjoiYXV0byJ9LCJwYWdlIjp7IndhdmUiOiJhdXRvIiwiY29sb3IiOiJhdXRvIiwic2lkZSI6ImF1dG8iLCJkZXB0aCI6ImF1dG8iLCJzdGFydFZlbG9jaXR5IjoiYXV0byIsImZsZXhpYmlsaXR5IjoiYXV0byIsImZsZXhpYmxlQ29ybmVyIjoiYXV0byIsImJlbmRpbmciOiJhdXRvIiwid2lkdGhUZXhlbHMiOiJhdXRvIiwiaGVpZ2h0VGV4ZWxzIjoiYXV0byIsIm1hc3MiOiJhdXRvIiwic2hhcGUiOiJhdXRvIn0sImhlaWdodCI6ImF1dG8iLCJ3aWR0aCI6ImF1dG8iLCJncmF2aXR5IjoiYXV0byIsInBhZ2VzRm9yUHJlZGljdGluZyI6ImF1dG8ifSwiY29udHJvbFByb3BzIjp7ImFjdGlvbnMiOnsiY21kVG9jIjp7ImVuYWJsZWQiOiJhdXRvIiwiZW5hYmxlZEluTmFycm93IjoiYXV0byIsImFjdGl2ZSI6ImF1dG8iLCJkZWZhdWx0VGFiIjoiYXV0byJ9LCJjbWRBdXRvUGxheSI6eyJlbmFibGVkIjoiYXV0byIsImVuYWJsZWRJbk5hcnJvdyI6ImF1dG8iLCJhY3RpdmUiOiJhdXRvIn0sImNtZFNhdmUiOnsiZW5hYmxlZCI6ImF1dG8iLCJlbmFibGVkSW5OYXJyb3ciOiJhdXRvIn0sImNtZFByaW50Ijp7ImVuYWJsZWQiOiJhdXRvIiwiZW5hYmxlZEluTmFycm93IjoiYXV0byJ9LCJjbWRTaW5nbGVQYWdlIjp7ImVuYWJsZWQiOiJhdXRvIiwiZW5hYmxlZEluTmFycm93IjoiYXV0byIsImFjdGl2ZSI6ImF1dG8iLCJhY3RpdmVGb3JNb2JpbGUiOiJhdXRvIn0sIndpZFRvb2xiYXIiOnsiZW5hYmxlZCI6ImF1dG8iLCJlbmFibGVkSW5OYXJyb3ciOiJhdXRvIn19fSwiYXV0b1RodW1ibmFpbCI6Imh0dHBzOlwvXC9iaWVuLWV0cmUtc29saWRhaXJlLmNvbVwvd3AtY29udGVudFwvdXBsb2Fkc1wvM2QtZmxpcC1ib29rXC9hdXRvLXRodW1ibmFpbHNcLzg4My5wbmciLCJwb3N0X25hbWUiOiJtYXF1ZXR0ZS10aXJlbGlyZS12ZXJ0LW9yYW5nZSIsInBvc3RfdHlwZSI6IjNkLWZsaXAtYm9vayJ9fSwicGFnZXMiOltdLCJmaXJzdFBhZ2VzIjpbXX0=');window.FB3D_CLIENT_LOCALE && FB3D_CLIENT_LOCALE.render && FB3D_CLIENT_LOCALE.render();<\/script>\n\n\n\n<p><\/p>\n","protected":false},"excerpt":{"rendered":"<p>FLYER AUTOCOLLANTS BON CADEAUX TIRELIRES Pour cr\u00e9ez vos propres tirelires, munissez vous de papier A4 type bristol, de ciseaux et<\/p>\n","protected":false},"author":1,"featured_media":0,"parent":0,"menu_order":0,"comment_status":"closed","ping_status":"closed","template":"","meta":{"colormag_page_container_layout":"default_layout","colormag_page_sidebar_layout":"default_layout","_bbp_topic_count":0,"_bbp_reply_count":0,"_bbp_total_topic_count":0,"_bbp_total_reply_count":0,"_bbp_voice_count":0,"_bbp_anonymous_reply_count":0,"_bbp_topic_count_hidden":0,"_bbp_reply_count_hidden":0,"_bbp_forum_subforum_count":0,"footnotes":""},"class_list":["post-810","page","type-page","status-publish","hentry"],"yoast_head":"<!-- This site is optimized with the Yoast SEO plugin v26.9 - https:\/\/yoast.com\/product\/yoast-seo-wordpress\/ -->\n<title>Tirelires : M\u00e9dias et visuels - Bien-\u00eatre-solidaire<\/title>\n<meta name=\"robots\" content=\"index, follow, max-snippet:-1, max-image-preview:large, max-video-preview:-1\" \/>\n<link rel=\"canonical\" href=\"https:\/\/bien-etre-solidaire.com\/index.php\/tirelires-medias-et-visuels\/\" class=\"yoast-seo-meta-tag\" \/>\n<meta property=\"og:locale\" content=\"fr_FR\" class=\"yoast-seo-meta-tag\" \/>\n<meta property=\"og:type\" content=\"article\" class=\"yoast-seo-meta-tag\" \/>\n<meta property=\"og:title\" content=\"Tirelires : M\u00e9dias et visuels - Bien-\u00eatre-solidaire\" class=\"yoast-seo-meta-tag\" \/>\n<meta property=\"og:description\" content=\"FLYER AUTOCOLLANTS BON CADEAUX TIRELIRES Pour cr\u00e9ez vos propres tirelires, munissez vous de papier A4 type bristol, de ciseaux et\" class=\"yoast-seo-meta-tag\" \/>\n<meta property=\"og:url\" content=\"https:\/\/bien-etre-solidaire.com\/index.php\/tirelires-medias-et-visuels\/\" class=\"yoast-seo-meta-tag\" \/>\n<meta property=\"og:site_name\" content=\"Bien-\u00eatre-solidaire\" class=\"yoast-seo-meta-tag\" \/>\n<meta property=\"article:modified_time\" content=\"2023-06-19T23:36:42+00:00\" class=\"yoast-seo-meta-tag\" \/>\n<meta property=\"og:image\" content=\"https:\/\/bien-etre-solidaire.com\/wp-content\/uploads\/2023\/06\/Flyer-lancement-tirelires-724x1024.jpg\" class=\"yoast-seo-meta-tag\" \/>\n<meta name=\"twitter:card\" content=\"summary_large_image\" class=\"yoast-seo-meta-tag\" \/>\n<meta name=\"twitter:label1\" content=\"Dur\u00e9e de lecture estim\u00e9e\" class=\"yoast-seo-meta-tag\" \/>\n\t<meta name=\"twitter:data1\" content=\"2 minutes\" class=\"yoast-seo-meta-tag\" \/>\n<script type=\"application\/ld+json\" class=\"yoast-schema-graph\">{\"@context\":\"https:\/\/schema.org\",\"@graph\":[{\"@type\":\"WebPage\",\"@id\":\"https:\/\/bien-etre-solidaire.com\/index.php\/tirelires-medias-et-visuels\/\",\"url\":\"https:\/\/bien-etre-solidaire.com\/index.php\/tirelires-medias-et-visuels\/\",\"name\":\"Tirelires : M\u00e9dias et visuels - Bien-\u00eatre-solidaire\",\"isPartOf\":{\"@id\":\"https:\/\/bien-etre-solidaire.com\/#website\"},\"primaryImageOfPage\":{\"@id\":\"https:\/\/bien-etre-solidaire.com\/index.php\/tirelires-medias-et-visuels\/#primaryimage\"},\"image\":{\"@id\":\"https:\/\/bien-etre-solidaire.com\/index.php\/tirelires-medias-et-visuels\/#primaryimage\"},\"thumbnailUrl\":\"https:\/\/bien-etre-solidaire.com\/wp-content\/uploads\/2023\/06\/Flyer-lancement-tirelires-724x1024.jpg\",\"datePublished\":\"2023-06-18T17:53:08+00:00\",\"dateModified\":\"2023-06-19T23:36:42+00:00\",\"breadcrumb\":{\"@id\":\"https:\/\/bien-etre-solidaire.com\/index.php\/tirelires-medias-et-visuels\/#breadcrumb\"},\"inLanguage\":\"fr-FR\",\"potentialAction\":[{\"@type\":\"ReadAction\",\"target\":[\"https:\/\/bien-etre-solidaire.com\/index.php\/tirelires-medias-et-visuels\/\"]}]},{\"@type\":\"ImageObject\",\"inLanguage\":\"fr-FR\",\"@id\":\"https:\/\/bien-etre-solidaire.com\/index.php\/tirelires-medias-et-visuels\/#primaryimage\",\"url\":\"https:\/\/bien-etre-solidaire.com\/wp-content\/uploads\/2023\/06\/Flyer-lancement-tirelires.jpg\",\"contentUrl\":\"https:\/\/bien-etre-solidaire.com\/wp-content\/uploads\/2023\/06\/Flyer-lancement-tirelires.jpg\",\"width\":1132,\"height\":1600},{\"@type\":\"BreadcrumbList\",\"@id\":\"https:\/\/bien-etre-solidaire.com\/index.php\/tirelires-medias-et-visuels\/#breadcrumb\",\"itemListElement\":[{\"@type\":\"ListItem\",\"position\":1,\"name\":\"Accueil\",\"item\":\"https:\/\/bien-etre-solidaire.com\/\"},{\"@type\":\"ListItem\",\"position\":2,\"name\":\"Tirelires : M\u00e9dias et visuels\"}]},{\"@type\":\"WebSite\",\"@id\":\"https:\/\/bien-etre-solidaire.com\/#website\",\"url\":\"https:\/\/bien-etre-solidaire.com\/\",\"name\":\"Bien-\u00eatre-solidaire\",\"description\":\"Un r\u00e9confort pour un sourire\",\"publisher\":{\"@id\":\"https:\/\/bien-etre-solidaire.com\/#organization\"},\"potentialAction\":[{\"@type\":\"SearchAction\",\"target\":{\"@type\":\"EntryPoint\",\"urlTemplate\":\"https:\/\/bien-etre-solidaire.com\/?s={search_term_string}\"},\"query-input\":{\"@type\":\"PropertyValueSpecification\",\"valueRequired\":true,\"valueName\":\"search_term_string\"}}],\"inLanguage\":\"fr-FR\"},{\"@type\":\"Organization\",\"@id\":\"https:\/\/bien-etre-solidaire.com\/#organization\",\"name\":\"Bien-\u00eatre-solidaire\",\"url\":\"https:\/\/bien-etre-solidaire.com\/\",\"logo\":{\"@type\":\"ImageObject\",\"inLanguage\":\"fr-FR\",\"@id\":\"https:\/\/bien-etre-solidaire.com\/#\/schema\/logo\/image\/\",\"url\":\"https:\/\/bien-etre-solidaire.com\/wp-content\/uploads\/2023\/02\/cropped-logo-Bien-etre-solidaire-2023-512x512-1.jpg\",\"contentUrl\":\"https:\/\/bien-etre-solidaire.com\/wp-content\/uploads\/2023\/02\/cropped-logo-Bien-etre-solidaire-2023-512x512-1.jpg\",\"width\":512,\"height\":512,\"caption\":\"Bien-\u00eatre-solidaire\"},\"image\":{\"@id\":\"https:\/\/bien-etre-solidaire.com\/#\/schema\/logo\/image\/\"}}]}<\/script>\n<!-- \/ Yoast SEO plugin. -->","yoast_head_json":{"title":"Tirelires : M\u00e9dias et visuels - Bien-\u00eatre-solidaire","robots":{"index":"index","follow":"follow","max-snippet":"max-snippet:-1","max-image-preview":"max-image-preview:large","max-video-preview":"max-video-preview:-1"},"canonical":"https:\/\/bien-etre-solidaire.com\/index.php\/tirelires-medias-et-visuels\/","og_locale":"fr_FR","og_type":"article","og_title":"Tirelires : M\u00e9dias et visuels - Bien-\u00eatre-solidaire","og_description":"FLYER AUTOCOLLANTS BON CADEAUX TIRELIRES Pour cr\u00e9ez vos propres tirelires, munissez vous de papier A4 type bristol, de ciseaux et","og_url":"https:\/\/bien-etre-solidaire.com\/index.php\/tirelires-medias-et-visuels\/","og_site_name":"Bien-\u00eatre-solidaire","article_modified_time":"2023-06-19T23:36:42+00:00","og_image":[{"url":"https:\/\/bien-etre-solidaire.com\/wp-content\/uploads\/2023\/06\/Flyer-lancement-tirelires-724x1024.jpg","type":"","width":"","height":""}],"twitter_card":"summary_large_image","twitter_misc":{"Dur\u00e9e de lecture estim\u00e9e":"2 minutes"},"schema":{"@context":"https:\/\/schema.org","@graph":[{"@type":"WebPage","@id":"https:\/\/bien-etre-solidaire.com\/index.php\/tirelires-medias-et-visuels\/","url":"https:\/\/bien-etre-solidaire.com\/index.php\/tirelires-medias-et-visuels\/","name":"Tirelires : M\u00e9dias et visuels - Bien-\u00eatre-solidaire","isPartOf":{"@id":"https:\/\/bien-etre-solidaire.com\/#website"},"primaryImageOfPage":{"@id":"https:\/\/bien-etre-solidaire.com\/index.php\/tirelires-medias-et-visuels\/#primaryimage"},"image":{"@id":"https:\/\/bien-etre-solidaire.com\/index.php\/tirelires-medias-et-visuels\/#primaryimage"},"thumbnailUrl":"https:\/\/bien-etre-solidaire.com\/wp-content\/uploads\/2023\/06\/Flyer-lancement-tirelires-724x1024.jpg","datePublished":"2023-06-18T17:53:08+00:00","dateModified":"2023-06-19T23:36:42+00:00","breadcrumb":{"@id":"https:\/\/bien-etre-solidaire.com\/index.php\/tirelires-medias-et-visuels\/#breadcrumb"},"inLanguage":"fr-FR","potentialAction":[{"@type":"ReadAction","target":["https:\/\/bien-etre-solidaire.com\/index.php\/tirelires-medias-et-visuels\/"]}]},{"@type":"ImageObject","inLanguage":"fr-FR","@id":"https:\/\/bien-etre-solidaire.com\/index.php\/tirelires-medias-et-visuels\/#primaryimage","url":"https:\/\/bien-etre-solidaire.com\/wp-content\/uploads\/2023\/06\/Flyer-lancement-tirelires.jpg","contentUrl":"https:\/\/bien-etre-solidaire.com\/wp-content\/uploads\/2023\/06\/Flyer-lancement-tirelires.jpg","width":1132,"height":1600},{"@type":"BreadcrumbList","@id":"https:\/\/bien-etre-solidaire.com\/index.php\/tirelires-medias-et-visuels\/#breadcrumb","itemListElement":[{"@type":"ListItem","position":1,"name":"Accueil","item":"https:\/\/bien-etre-solidaire.com\/"},{"@type":"ListItem","position":2,"name":"Tirelires : M\u00e9dias et visuels"}]},{"@type":"WebSite","@id":"https:\/\/bien-etre-solidaire.com\/#website","url":"https:\/\/bien-etre-solidaire.com\/","name":"Bien-\u00eatre-solidaire","description":"Un r\u00e9confort pour un sourire","publisher":{"@id":"https:\/\/bien-etre-solidaire.com\/#organization"},"potentialAction":[{"@type":"SearchAction","target":{"@type":"EntryPoint","urlTemplate":"https:\/\/bien-etre-solidaire.com\/?s={search_term_string}"},"query-input":{"@type":"PropertyValueSpecification","valueRequired":true,"valueName":"search_term_string"}}],"inLanguage":"fr-FR"},{"@type":"Organization","@id":"https:\/\/bien-etre-solidaire.com\/#organization","name":"Bien-\u00eatre-solidaire","url":"https:\/\/bien-etre-solidaire.com\/","logo":{"@type":"ImageObject","inLanguage":"fr-FR","@id":"https:\/\/bien-etre-solidaire.com\/#\/schema\/logo\/image\/","url":"https:\/\/bien-etre-solidaire.com\/wp-content\/uploads\/2023\/02\/cropped-logo-Bien-etre-solidaire-2023-512x512-1.jpg","contentUrl":"https:\/\/bien-etre-solidaire.com\/wp-content\/uploads\/2023\/02\/cropped-logo-Bien-etre-solidaire-2023-512x512-1.jpg","width":512,"height":512,"caption":"Bien-\u00eatre-solidaire"},"image":{"@id":"https:\/\/bien-etre-solidaire.com\/#\/schema\/logo\/image\/"}}]}},"jetpack_sharing_enabled":true,"_links":{"self":[{"href":"https:\/\/bien-etre-solidaire.com\/index.php\/wp-json\/wp\/v2\/pages\/810","targetHints":{"allow":["GET"]}}],"collection":[{"href":"https:\/\/bien-etre-solidaire.com\/index.php\/wp-json\/wp\/v2\/pages"}],"about":[{"href":"https:\/\/bien-etre-solidaire.com\/index.php\/wp-json\/wp\/v2\/types\/page"}],"author":[{"embeddable":true,"href":"https:\/\/bien-etre-solidaire.com\/index.php\/wp-json\/wp\/v2\/users\/1"}],"replies":[{"embeddable":true,"href":"https:\/\/bien-etre-solidaire.com\/index.php\/wp-json\/wp\/v2\/comments?post=810"}],"version-history":[{"count":6,"href":"https:\/\/bien-etre-solidaire.com\/index.php\/wp-json\/wp\/v2\/pages\/810\/revisions"}],"predecessor-version":[{"id":893,"href":"https:\/\/bien-etre-solidaire.com\/index.php\/wp-json\/wp\/v2\/pages\/810\/revisions\/893"}],"wp:attachment":[{"href":"https:\/\/bien-etre-solidaire.com\/index.php\/wp-json\/wp\/v2\/media?parent=810"}],"curies":[{"name":"wp","href":"https:\/\/api.w.org\/{rel}","templated":true}]}}