{"id":789,"date":"2023-06-18T11:23:44","date_gmt":"2023-06-18T15:23:44","guid":{"rendered":"https:\/\/bien-etre-solidaire.com\/?page_id=789"},"modified":"2024-07-06T15:19:15","modified_gmt":"2024-07-06T19:19:15","slug":"lancement-des-tirelires-du-mouvement-bien-etre-solidaire","status":"publish","type":"page","link":"https:\/\/bien-etre-solidaire.com\/","title":{"rendered":""},"content":{"rendered":"\n<figure class=\"wp-block-image aligncenter size-large is-resized\"><img loading=\"lazy\" decoding=\"async\" width=\"435\" height=\"1024\" src=\"https:\/\/bien-etre-solidaire.com\/wp-content\/uploads\/2023\/02\/Rollup-smal-1-435x1024.jpg\" alt=\"\" class=\"wp-image-462\" style=\"object-fit:cover;width:597px;height:1406px\" srcset=\"https:\/\/bien-etre-solidaire.com\/wp-content\/uploads\/2023\/02\/Rollup-smal-1-435x1024.jpg 435w, https:\/\/bien-etre-solidaire.com\/wp-content\/uploads\/2023\/02\/Rollup-smal-1-128x300.jpg 128w, https:\/\/bien-etre-solidaire.com\/wp-content\/uploads\/2023\/02\/Rollup-smal-1.jpg 502w\" sizes=\"auto, (max-width: 435px) 100vw, 435px\" \/><\/figure>\n\n\n\n<p><\/p>\n\n\n\n<figure class=\"wp-block-embed is-type-video is-provider-youtube wp-block-embed-youtube wp-embed-aspect-4-3 wp-has-aspect-ratio\"><div class=\"wp-block-embed__wrapper\">\n<iframe loading=\"lazy\" title=\"Bien \u00eatre Solidaire:  &quot;Un r\u00e9confort pour un sourire&quot;\" width=\"800\" height=\"600\" src=\"https:\/\/www.youtube.com\/embed\/PVHVT2x4FEk?feature=oembed\" frameborder=\"0\" allow=\"accelerometer; autoplay; clipboard-write; encrypted-media; gyroscope; picture-in-picture; web-share\" referrerpolicy=\"strict-origin-when-cross-origin\" allowfullscreen><\/iframe>\n<\/div><\/figure>\n\n\n\n<div class=\"wp-block-media-text is-stacked-on-mobile is-vertically-aligned-top\" style=\"grid-template-columns:57% auto\"><figure class=\"wp-block-media-text__media\"><a href=\"https:\/\/www.helloasso.com\/associations\/ansanm-ansanm-antilles-guyane\/formulaires\/2\"><img loading=\"lazy\" decoding=\"async\" width=\"1024\" height=\"1024\" src=\"https:\/\/bien-etre-solidaire.com\/wp-content\/uploads\/2023\/06\/image.png\" alt=\"\" class=\"wp-image-803 size-full\" srcset=\"https:\/\/bien-etre-solidaire.com\/wp-content\/uploads\/2023\/06\/image.png 1024w, https:\/\/bien-etre-solidaire.com\/wp-content\/uploads\/2023\/06\/image-300x300.png 300w, https:\/\/bien-etre-solidaire.com\/wp-content\/uploads\/2023\/06\/image-150x150.png 150w, https:\/\/bien-etre-solidaire.com\/wp-content\/uploads\/2023\/06\/image-768x768.png 768w\" sizes=\"auto, (max-width: 1024px) 100vw, 1024px\" \/><\/a><\/figure><div class=\"wp-block-media-text__content\">\n<h2 class=\"wp-block-heading\"><a href=\"http:\/\/Contribuez \u00e0 ce mouvement pour des soins solidaires\">Contribuez<\/a><br><a href=\"http:\/\/Contribuez \u00e0 ce mouvement pour des soins solidaires\">\u00e0 ce Mouvement<\/a><br><a href=\"http:\/\/Contribuez \u00e0 ce mouvement pour des soins solidaires\">pour   des soins solidaires<\/a><\/h2>\n\n\n\n<p><strong><mark style=\"background-color:rgba(0, 0, 0, 0)\" class=\"has-inline-color has-vivid-red-color\">Cliquez sur l&rsquo;image pour participer !<\/mark><\/strong><\/p>\n<\/div><\/div>\n\n\n\n<figure class=\"wp-block-embed is-type-video is-provider-youtube wp-block-embed-youtube wp-embed-aspect-16-9 wp-has-aspect-ratio\"><div class=\"wp-block-embed__wrapper\">\n<iframe loading=\"lazy\" title=\"Lancement des tirelires du Mouvement Bien-\u00eatre solidaire\" width=\"800\" height=\"450\" src=\"https:\/\/www.youtube.com\/embed\/OxZ4icBxFDc?feature=oembed\" frameborder=\"0\" allow=\"accelerometer; autoplay; clipboard-write; encrypted-media; gyroscope; picture-in-picture; web-share\" referrerpolicy=\"strict-origin-when-cross-origin\" allowfullscreen><\/iframe>\n<\/div><figcaption class=\"wp-element-caption\">Une Synergie Solidaire, pour un bien-\u00eatre accessible \u00e0 tous, sans distinction et dans la dignit\u00e9<\/figcaption><\/figure>\n\n\n\n<p><\/p>\n\n\n\n<p><\/p>\n\n\n\n<figure class=\"wp-block-image size-large\"><img loading=\"lazy\" decoding=\"async\" width=\"780\" height=\"1024\" src=\"https:\/\/bien-etre-solidaire.com\/wp-content\/uploads\/2023\/06\/Flyer-lancement-tirelires-image-780x1024.jpg\" alt=\"\" class=\"wp-image-847\" srcset=\"https:\/\/bien-etre-solidaire.com\/wp-content\/uploads\/2023\/06\/Flyer-lancement-tirelires-image-780x1024.jpg 780w, https:\/\/bien-etre-solidaire.com\/wp-content\/uploads\/2023\/06\/Flyer-lancement-tirelires-image-228x300.jpg 228w, https:\/\/bien-etre-solidaire.com\/wp-content\/uploads\/2023\/06\/Flyer-lancement-tirelires-image-768x1009.jpg 768w, https:\/\/bien-etre-solidaire.com\/wp-content\/uploads\/2023\/06\/Flyer-lancement-tirelires-image.jpg 1132w\" sizes=\"auto, (max-width: 780px) 100vw, 780px\" \/><\/figure>\n\n\n\n<p><a href=\"http:\/\/www.association-ansanm-ansanm-antilles-guyane.fr\"><mark style=\"background-color:rgba(0, 0, 0, 0)\" class=\"has-inline-color has-vivid-cyan-blue-color\">www.association-ansanm-ansanm-antilles-guyane.fr<\/mark><\/a><\/p>\n\n\n\n<p><\/p>\n\n\n\n<div class=\"wp-block-media-text alignwide is-stacked-on-mobile\" style=\"grid-template-columns:41% auto\"><figure class=\"wp-block-media-text__media\"><a href=\"https:\/\/www.helloasso.com\/associations\/ansanm-ansanm-antilles-guyane\/formulaires\/2\"><img loading=\"lazy\" decoding=\"async\" width=\"1024\" height=\"1024\" src=\"https:\/\/bien-etre-solidaire.com\/wp-content\/uploads\/2023\/06\/Green-Circle-Thank-You-Sticker-v03-1024x1024.jpg\" alt=\"\" class=\"wp-image-795 size-full\" srcset=\"https:\/\/bien-etre-solidaire.com\/wp-content\/uploads\/2023\/06\/Green-Circle-Thank-You-Sticker-v03-1024x1024.jpg 1024w, https:\/\/bien-etre-solidaire.com\/wp-content\/uploads\/2023\/06\/Green-Circle-Thank-You-Sticker-v03-300x300.jpg 300w, https:\/\/bien-etre-solidaire.com\/wp-content\/uploads\/2023\/06\/Green-Circle-Thank-You-Sticker-v03-150x150.jpg 150w, https:\/\/bien-etre-solidaire.com\/wp-content\/uploads\/2023\/06\/Green-Circle-Thank-You-Sticker-v03-768x768.jpg 768w, https:\/\/bien-etre-solidaire.com\/wp-content\/uploads\/2023\/06\/Green-Circle-Thank-You-Sticker-v03.jpg 1181w\" sizes=\"auto, (max-width: 1024px) 100vw, 1024px\" \/><\/a><\/figure><div class=\"wp-block-media-text__content\">\n<h2 class=\"wp-block-heading\"><a href=\"http:\/\/Contribuez \u00e0 ce mouvement pour des soins solidaires\">Contribuez \u00e0 ce Mouvement pour   des soins solidaires<\/a><\/h2>\n\n\n\n<p><strong><mark style=\"background-color:rgba(0, 0, 0, 0)\" class=\"has-inline-color has-vivid-red-color\">Cliquez sur l&rsquo;image pour participer !<\/mark><\/strong><\/p>\n<\/div><\/div>\n","protected":false},"excerpt":{"rendered":"<p>Contribuez\u00e0 ce Mouvementpour des soins solidaires Cliquez sur l&rsquo;image pour participer ! www.association-ansanm-ansanm-antilles-guyane.fr Contribuez \u00e0 ce Mouvement pour des soins<\/p>\n","protected":false},"author":1,"featured_media":0,"parent":0,"menu_order":0,"comment_status":"closed","ping_status":"closed","template":"","meta":{"colormag_page_container_layout":"default_layout","colormag_page_sidebar_layout":"default_layout","_bbp_topic_count":0,"_bbp_reply_count":0,"_bbp_total_topic_count":0,"_bbp_total_reply_count":0,"_bbp_voice_count":0,"_bbp_anonymous_reply_count":0,"_bbp_topic_count_hidden":0,"_bbp_reply_count_hidden":0,"_bbp_forum_subforum_count":0,"footnotes":""},"class_list":["post-789","page","type-page","status-publish","hentry"],"yoast_head":"<!-- This site is optimized with the Yoast SEO plugin v26.9 - https:\/\/yoast.com\/product\/yoast-seo-wordpress\/ -->\n<title>- Bien-\u00eatre-solidaire<\/title>\n<meta name=\"robots\" content=\"index, follow, max-snippet:-1, max-image-preview:large, max-video-preview:-1\" \/>\n<link rel=\"canonical\" href=\"https:\/\/bien-etre-solidaire.com\/\" class=\"yoast-seo-meta-tag\" \/>\n<meta property=\"og:locale\" content=\"fr_FR\" class=\"yoast-seo-meta-tag\" \/>\n<meta property=\"og:type\" content=\"article\" class=\"yoast-seo-meta-tag\" \/>\n<meta property=\"og:title\" content=\"- Bien-\u00eatre-solidaire\" class=\"yoast-seo-meta-tag\" \/>\n<meta property=\"og:description\" content=\"Contribuez\u00e0 ce Mouvementpour des soins solidaires Cliquez sur l&rsquo;image pour participer ! www.association-ansanm-ansanm-antilles-guyane.fr Contribuez \u00e0 ce Mouvement pour des soins\" class=\"yoast-seo-meta-tag\" \/>\n<meta property=\"og:url\" content=\"https:\/\/bien-etre-solidaire.com\/\" class=\"yoast-seo-meta-tag\" \/>\n<meta property=\"og:site_name\" content=\"Bien-\u00eatre-solidaire\" class=\"yoast-seo-meta-tag\" \/>\n<meta property=\"article:modified_time\" content=\"2024-07-06T19:19:15+00:00\" class=\"yoast-seo-meta-tag\" \/>\n<meta property=\"og:image\" content=\"https:\/\/bien-etre-solidaire.com\/wp-content\/uploads\/2023\/02\/Rollup-smal-1-435x1024.jpg\" class=\"yoast-seo-meta-tag\" \/>\n<meta name=\"twitter:card\" content=\"summary_large_image\" class=\"yoast-seo-meta-tag\" \/>\n<meta name=\"twitter:label1\" content=\"Dur\u00e9e de lecture estim\u00e9e\" class=\"yoast-seo-meta-tag\" \/>\n\t<meta name=\"twitter:data1\" content=\"2 minutes\" class=\"yoast-seo-meta-tag\" \/>\n<script type=\"application\/ld+json\" class=\"yoast-schema-graph\">{\"@context\":\"https:\/\/schema.org\",\"@graph\":[{\"@type\":\"WebPage\",\"@id\":\"https:\/\/bien-etre-solidaire.com\/\",\"url\":\"https:\/\/bien-etre-solidaire.com\/\",\"name\":\"- Bien-\u00eatre-solidaire\",\"isPartOf\":{\"@id\":\"https:\/\/bien-etre-solidaire.com\/#website\"},\"primaryImageOfPage\":{\"@id\":\"https:\/\/bien-etre-solidaire.com\/#primaryimage\"},\"image\":{\"@id\":\"https:\/\/bien-etre-solidaire.com\/#primaryimage\"},\"thumbnailUrl\":\"https:\/\/bien-etre-solidaire.com\/wp-content\/uploads\/2023\/02\/Rollup-smal-1-435x1024.jpg\",\"datePublished\":\"2023-06-18T15:23:44+00:00\",\"dateModified\":\"2024-07-06T19:19:15+00:00\",\"inLanguage\":\"fr-FR\",\"potentialAction\":[{\"@type\":\"ReadAction\",\"target\":[\"https:\/\/bien-etre-solidaire.com\/\"]}]},{\"@type\":\"ImageObject\",\"inLanguage\":\"fr-FR\",\"@id\":\"https:\/\/bien-etre-solidaire.com\/#primaryimage\",\"url\":\"https:\/\/bien-etre-solidaire.com\/wp-content\/uploads\/2023\/02\/Rollup-smal-1.jpg\",\"contentUrl\":\"https:\/\/bien-etre-solidaire.com\/wp-content\/uploads\/2023\/02\/Rollup-smal-1.jpg\",\"width\":502,\"height\":1181},{\"@type\":\"WebSite\",\"@id\":\"https:\/\/bien-etre-solidaire.com\/#website\",\"url\":\"https:\/\/bien-etre-solidaire.com\/\",\"name\":\"Bien-\u00eatre-solidaire\",\"description\":\"Un r\u00e9confort pour un sourire\",\"publisher\":{\"@id\":\"https:\/\/bien-etre-solidaire.com\/#organization\"},\"potentialAction\":[{\"@type\":\"SearchAction\",\"target\":{\"@type\":\"EntryPoint\",\"urlTemplate\":\"https:\/\/bien-etre-solidaire.com\/?s={search_term_string}\"},\"query-input\":{\"@type\":\"PropertyValueSpecification\",\"valueRequired\":true,\"valueName\":\"search_term_string\"}}],\"inLanguage\":\"fr-FR\"},{\"@type\":\"Organization\",\"@id\":\"https:\/\/bien-etre-solidaire.com\/#organization\",\"name\":\"Bien-\u00eatre-solidaire\",\"url\":\"https:\/\/bien-etre-solidaire.com\/\",\"logo\":{\"@type\":\"ImageObject\",\"inLanguage\":\"fr-FR\",\"@id\":\"https:\/\/bien-etre-solidaire.com\/#\/schema\/logo\/image\/\",\"url\":\"https:\/\/bien-etre-solidaire.com\/wp-content\/uploads\/2023\/02\/cropped-logo-Bien-etre-solidaire-2023-512x512-1.jpg\",\"contentUrl\":\"https:\/\/bien-etre-solidaire.com\/wp-content\/uploads\/2023\/02\/cropped-logo-Bien-etre-solidaire-2023-512x512-1.jpg\",\"width\":512,\"height\":512,\"caption\":\"Bien-\u00eatre-solidaire\"},\"image\":{\"@id\":\"https:\/\/bien-etre-solidaire.com\/#\/schema\/logo\/image\/\"}}]}<\/script>\n<!-- \/ Yoast SEO plugin. -->","yoast_head_json":{"title":"- Bien-\u00eatre-solidaire","robots":{"index":"index","follow":"follow","max-snippet":"max-snippet:-1","max-image-preview":"max-image-preview:large","max-video-preview":"max-video-preview:-1"},"canonical":"https:\/\/bien-etre-solidaire.com\/","og_locale":"fr_FR","og_type":"article","og_title":"- Bien-\u00eatre-solidaire","og_description":"Contribuez\u00e0 ce Mouvementpour des soins solidaires Cliquez sur l&rsquo;image pour participer ! www.association-ansanm-ansanm-antilles-guyane.fr Contribuez \u00e0 ce Mouvement pour des soins","og_url":"https:\/\/bien-etre-solidaire.com\/","og_site_name":"Bien-\u00eatre-solidaire","article_modified_time":"2024-07-06T19:19:15+00:00","og_image":[{"url":"https:\/\/bien-etre-solidaire.com\/wp-content\/uploads\/2023\/02\/Rollup-smal-1-435x1024.jpg","type":"","width":"","height":""}],"twitter_card":"summary_large_image","twitter_misc":{"Dur\u00e9e de lecture estim\u00e9e":"2 minutes"},"schema":{"@context":"https:\/\/schema.org","@graph":[{"@type":"WebPage","@id":"https:\/\/bien-etre-solidaire.com\/","url":"https:\/\/bien-etre-solidaire.com\/","name":"- Bien-\u00eatre-solidaire","isPartOf":{"@id":"https:\/\/bien-etre-solidaire.com\/#website"},"primaryImageOfPage":{"@id":"https:\/\/bien-etre-solidaire.com\/#primaryimage"},"image":{"@id":"https:\/\/bien-etre-solidaire.com\/#primaryimage"},"thumbnailUrl":"https:\/\/bien-etre-solidaire.com\/wp-content\/uploads\/2023\/02\/Rollup-smal-1-435x1024.jpg","datePublished":"2023-06-18T15:23:44+00:00","dateModified":"2024-07-06T19:19:15+00:00","inLanguage":"fr-FR","potentialAction":[{"@type":"ReadAction","target":["https:\/\/bien-etre-solidaire.com\/"]}]},{"@type":"ImageObject","inLanguage":"fr-FR","@id":"https:\/\/bien-etre-solidaire.com\/#primaryimage","url":"https:\/\/bien-etre-solidaire.com\/wp-content\/uploads\/2023\/02\/Rollup-smal-1.jpg","contentUrl":"https:\/\/bien-etre-solidaire.com\/wp-content\/uploads\/2023\/02\/Rollup-smal-1.jpg","width":502,"height":1181},{"@type":"WebSite","@id":"https:\/\/bien-etre-solidaire.com\/#website","url":"https:\/\/bien-etre-solidaire.com\/","name":"Bien-\u00eatre-solidaire","description":"Un r\u00e9confort pour un sourire","publisher":{"@id":"https:\/\/bien-etre-solidaire.com\/#organization"},"potentialAction":[{"@type":"SearchAction","target":{"@type":"EntryPoint","urlTemplate":"https:\/\/bien-etre-solidaire.com\/?s={search_term_string}"},"query-input":{"@type":"PropertyValueSpecification","valueRequired":true,"valueName":"search_term_string"}}],"inLanguage":"fr-FR"},{"@type":"Organization","@id":"https:\/\/bien-etre-solidaire.com\/#organization","name":"Bien-\u00eatre-solidaire","url":"https:\/\/bien-etre-solidaire.com\/","logo":{"@type":"ImageObject","inLanguage":"fr-FR","@id":"https:\/\/bien-etre-solidaire.com\/#\/schema\/logo\/image\/","url":"https:\/\/bien-etre-solidaire.com\/wp-content\/uploads\/2023\/02\/cropped-logo-Bien-etre-solidaire-2023-512x512-1.jpg","contentUrl":"https:\/\/bien-etre-solidaire.com\/wp-content\/uploads\/2023\/02\/cropped-logo-Bien-etre-solidaire-2023-512x512-1.jpg","width":512,"height":512,"caption":"Bien-\u00eatre-solidaire"},"image":{"@id":"https:\/\/bien-etre-solidaire.com\/#\/schema\/logo\/image\/"}}]}},"jetpack_sharing_enabled":true,"_links":{"self":[{"href":"https:\/\/bien-etre-solidaire.com\/index.php\/wp-json\/wp\/v2\/pages\/789","targetHints":{"allow":["GET"]}}],"collection":[{"href":"https:\/\/bien-etre-solidaire.com\/index.php\/wp-json\/wp\/v2\/pages"}],"about":[{"href":"https:\/\/bien-etre-solidaire.com\/index.php\/wp-json\/wp\/v2\/types\/page"}],"author":[{"embeddable":true,"href":"https:\/\/bien-etre-solidaire.com\/index.php\/wp-json\/wp\/v2\/users\/1"}],"replies":[{"embeddable":true,"href":"https:\/\/bien-etre-solidaire.com\/index.php\/wp-json\/wp\/v2\/comments?post=789"}],"version-history":[{"count":23,"href":"https:\/\/bien-etre-solidaire.com\/index.php\/wp-json\/wp\/v2\/pages\/789\/revisions"}],"predecessor-version":[{"id":904,"href":"https:\/\/bien-etre-solidaire.com\/index.php\/wp-json\/wp\/v2\/pages\/789\/revisions\/904"}],"wp:attachment":[{"href":"https:\/\/bien-etre-solidaire.com\/index.php\/wp-json\/wp\/v2\/media?parent=789"}],"curies":[{"name":"wp","href":"https:\/\/api.w.org\/{rel}","templated":true}]}}