{"id":678,"date":"2023-02-10T15:34:08","date_gmt":"2023-02-10T19:34:08","guid":{"rendered":"https:\/\/bien-etre-solidaire.com\/?page_id=678"},"modified":"2023-02-11T10:09:14","modified_gmt":"2023-02-11T14:09:14","slug":"contact-2","status":"publish","type":"page","link":"https:\/\/bien-etre-solidaire.com\/index.php\/contact-2\/","title":{"rendered":"Contact"},"content":{"rendered":"\n<div class=\"wp-block-media-text alignwide is-stacked-on-mobile\" style=\"grid-template-columns:19% auto\"><figure class=\"wp-block-media-text__media\"><img loading=\"lazy\" decoding=\"async\" width=\"777\" height=\"777\" src=\"https:\/\/bien-etre-solidaire.com\/wp-content\/uploads\/2023\/02\/logo-Bien-etre-solidaire-2018.jpg\" alt=\"\" class=\"wp-image-128 size-full\" srcset=\"https:\/\/bien-etre-solidaire.com\/wp-content\/uploads\/2023\/02\/logo-Bien-etre-solidaire-2018.jpg 777w, https:\/\/bien-etre-solidaire.com\/wp-content\/uploads\/2023\/02\/logo-Bien-etre-solidaire-2018-300x300.jpg 300w, https:\/\/bien-etre-solidaire.com\/wp-content\/uploads\/2023\/02\/logo-Bien-etre-solidaire-2018-150x150.jpg 150w, https:\/\/bien-etre-solidaire.com\/wp-content\/uploads\/2023\/02\/logo-Bien-etre-solidaire-2018-768x768.jpg 768w\" sizes=\"auto, (max-width: 777px) 100vw, 777px\" \/><\/figure><div class=\"wp-block-media-text__content\">\n<p><strong>Rendre le Bien-\u00eatre accessible \u00e0 Tous sans distinction et dans la dignit\u00e9<\/strong>.<\/p>\n\n\n\n<p><strong>Permettre au plus grand nombre de b\u00e9n\u00e9ficier et acc\u00e9der aux soins compl\u00e9mentaires conventionn\u00e9s ou non<\/strong>.<\/p>\n\n\n\n<p>Rappelez-vous que cette plateforme est une ressource commune du Mouvement qui <strong>mutualise la coordination<\/strong> du Mouvement Bien-\u00catre Solidaire. Il n&rsquo;y a pas de centralisation.<\/p>\n\n\n\n<p>Vous pouvez nous contacter pour toutes informations d&rsquo;ordre g\u00e9n\u00e9ral.<\/p>\n<\/div><\/div>\n\n\n\n<div class=\"wp-block-contact-form-7-contact-form-selector\">\n<div class=\"wpcf7 no-js\" id=\"wpcf7-f4-o1\" lang=\"fr-FR\" dir=\"ltr\" data-wpcf7-id=\"4\">\n<div class=\"screen-reader-response\"><p role=\"status\" aria-live=\"polite\" aria-atomic=\"true\"><\/p> <ul><\/ul><\/div>\n<form action=\"\/index.php\/wp-json\/wp\/v2\/pages\/678#wpcf7-f4-o1\" method=\"post\" class=\"wpcf7-form init\" aria-label=\"Formulaire de contact\" novalidate=\"novalidate\" data-status=\"init\">\n<fieldset class=\"hidden-fields-container\"><input type=\"hidden\" name=\"_wpcf7\" value=\"4\" \/><input type=\"hidden\" name=\"_wpcf7_version\" value=\"6.1.5\" \/><input type=\"hidden\" name=\"_wpcf7_locale\" value=\"fr_FR\" \/><input type=\"hidden\" name=\"_wpcf7_unit_tag\" value=\"wpcf7-f4-o1\" \/><input type=\"hidden\" name=\"_wpcf7_container_post\" value=\"0\" \/><input type=\"hidden\" name=\"_wpcf7_posted_data_hash\" value=\"\" \/><input type=\"hidden\" name=\"_wpcf7_recaptcha_response\" value=\"\" \/>\n<\/fieldset>\n<p><label> Votre nom<br \/>\n<span class=\"wpcf7-form-control-wrap\" data-name=\"your-name\"><input size=\"40\" maxlength=\"400\" class=\"wpcf7-form-control wpcf7-text wpcf7-validates-as-required\" autocomplete=\"name\" aria-required=\"true\" aria-invalid=\"false\" value=\"\" type=\"text\" name=\"your-name\" \/><\/span> <\/label>\n<\/p>\n<p><label> Votre e-mail<br \/>\n<span class=\"wpcf7-form-control-wrap\" data-name=\"your-email\"><input size=\"40\" maxlength=\"400\" class=\"wpcf7-form-control wpcf7-email wpcf7-validates-as-required wpcf7-text wpcf7-validates-as-email\" autocomplete=\"email\" aria-required=\"true\" aria-invalid=\"false\" value=\"\" type=\"email\" name=\"your-email\" \/><\/span> <\/label>\n<\/p>\n<p><label> Objet<br \/>\n<span class=\"wpcf7-form-control-wrap\" data-name=\"your-subject\"><input size=\"40\" maxlength=\"400\" class=\"wpcf7-form-control wpcf7-text wpcf7-validates-as-required\" aria-required=\"true\" aria-invalid=\"false\" value=\"\" type=\"text\" name=\"your-subject\" \/><\/span> <\/label>\n<\/p>\n<p><label> Votre message (facultatif)<br \/>\n<span class=\"wpcf7-form-control-wrap\" data-name=\"your-message\"><textarea cols=\"40\" rows=\"10\" maxlength=\"2000\" class=\"wpcf7-form-control wpcf7-textarea\" aria-invalid=\"false\" name=\"your-message\"><\/textarea><\/span> <\/label>\n<\/p>\n<p><label> Votre t\u00e9l\u00e9phone (facultatif)<br \/>\n<span class=\"wpcf7-form-control-wrap\" data-name=\"tel-contact\"><input size=\"40\" maxlength=\"400\" class=\"wpcf7-form-control wpcf7-tel wpcf7-text wpcf7-validates-as-tel\" aria-invalid=\"false\" value=\"\" type=\"tel\" name=\"tel-contact\" \/><\/span> <\/label>\n<\/p>\n<p><input class=\"wpcf7-form-control wpcf7-submit has-spinner\" type=\"submit\" value=\"Envoyer\" \/>\n<\/p><div class=\"wpcf7-response-output\" aria-hidden=\"true\"><\/div>\n<\/form>\n<\/div>\n<\/div>\n","protected":false},"excerpt":{"rendered":"<p>Rendre le Bien-\u00eatre accessible \u00e0 Tous sans distinction et dans la dignit\u00e9. Permettre au plus grand nombre de b\u00e9n\u00e9ficier et<\/p>\n","protected":false},"author":1,"featured_media":0,"parent":0,"menu_order":0,"comment_status":"closed","ping_status":"closed","template":"","meta":{"colormag_page_container_layout":"default_layout","colormag_page_sidebar_layout":"default_layout","_bbp_topic_count":0,"_bbp_reply_count":0,"_bbp_total_topic_count":0,"_bbp_total_reply_count":0,"_bbp_voice_count":0,"_bbp_anonymous_reply_count":0,"_bbp_topic_count_hidden":0,"_bbp_reply_count_hidden":0,"_bbp_forum_subforum_count":0,"footnotes":""},"class_list":["post-678","page","type-page","status-publish","hentry"],"yoast_head":"<!-- This site is optimized with the Yoast SEO plugin v26.9 - https:\/\/yoast.com\/product\/yoast-seo-wordpress\/ -->\n<title>Contact - Bien-\u00eatre-solidaire<\/title>\n<meta name=\"robots\" content=\"index, follow, max-snippet:-1, max-image-preview:large, max-video-preview:-1\" \/>\n<link rel=\"canonical\" href=\"https:\/\/bien-etre-solidaire.com\/index.php\/contact-2\/\" class=\"yoast-seo-meta-tag\" \/>\n<meta property=\"og:locale\" content=\"fr_FR\" class=\"yoast-seo-meta-tag\" \/>\n<meta property=\"og:type\" content=\"article\" class=\"yoast-seo-meta-tag\" \/>\n<meta property=\"og:title\" content=\"Contact - Bien-\u00eatre-solidaire\" class=\"yoast-seo-meta-tag\" \/>\n<meta property=\"og:description\" content=\"Rendre le Bien-\u00eatre accessible \u00e0 Tous sans distinction et dans la dignit\u00e9. Permettre au plus grand nombre de b\u00e9n\u00e9ficier et\" class=\"yoast-seo-meta-tag\" \/>\n<meta property=\"og:url\" content=\"https:\/\/bien-etre-solidaire.com\/index.php\/contact-2\/\" class=\"yoast-seo-meta-tag\" \/>\n<meta property=\"og:site_name\" content=\"Bien-\u00eatre-solidaire\" class=\"yoast-seo-meta-tag\" \/>\n<meta property=\"article:modified_time\" content=\"2023-02-11T14:09:14+00:00\" class=\"yoast-seo-meta-tag\" \/>\n<meta property=\"og:image\" content=\"https:\/\/bien-etre-solidaire.com\/wp-content\/uploads\/2023\/02\/logo-Bien-etre-solidaire-2018.jpg\" class=\"yoast-seo-meta-tag\" \/>\n<meta name=\"twitter:card\" content=\"summary_large_image\" class=\"yoast-seo-meta-tag\" \/>\n<meta name=\"twitter:label1\" content=\"Dur\u00e9e de lecture estim\u00e9e\" class=\"yoast-seo-meta-tag\" \/>\n\t<meta name=\"twitter:data1\" content=\"1 minute\" class=\"yoast-seo-meta-tag\" \/>\n<script type=\"application\/ld+json\" class=\"yoast-schema-graph\">{\"@context\":\"https:\/\/schema.org\",\"@graph\":[{\"@type\":\"WebPage\",\"@id\":\"https:\/\/bien-etre-solidaire.com\/index.php\/contact-2\/\",\"url\":\"https:\/\/bien-etre-solidaire.com\/index.php\/contact-2\/\",\"name\":\"Contact - Bien-\u00eatre-solidaire\",\"isPartOf\":{\"@id\":\"https:\/\/bien-etre-solidaire.com\/#website\"},\"primaryImageOfPage\":{\"@id\":\"https:\/\/bien-etre-solidaire.com\/index.php\/contact-2\/#primaryimage\"},\"image\":{\"@id\":\"https:\/\/bien-etre-solidaire.com\/index.php\/contact-2\/#primaryimage\"},\"thumbnailUrl\":\"https:\/\/bien-etre-solidaire.com\/wp-content\/uploads\/2023\/02\/logo-Bien-etre-solidaire-2018.jpg\",\"datePublished\":\"2023-02-10T19:34:08+00:00\",\"dateModified\":\"2023-02-11T14:09:14+00:00\",\"breadcrumb\":{\"@id\":\"https:\/\/bien-etre-solidaire.com\/index.php\/contact-2\/#breadcrumb\"},\"inLanguage\":\"fr-FR\",\"potentialAction\":[{\"@type\":\"ReadAction\",\"target\":[\"https:\/\/bien-etre-solidaire.com\/index.php\/contact-2\/\"]}]},{\"@type\":\"ImageObject\",\"inLanguage\":\"fr-FR\",\"@id\":\"https:\/\/bien-etre-solidaire.com\/index.php\/contact-2\/#primaryimage\",\"url\":\"https:\/\/bien-etre-solidaire.com\/wp-content\/uploads\/2023\/02\/logo-Bien-etre-solidaire-2018.jpg\",\"contentUrl\":\"https:\/\/bien-etre-solidaire.com\/wp-content\/uploads\/2023\/02\/logo-Bien-etre-solidaire-2018.jpg\",\"width\":777,\"height\":777},{\"@type\":\"BreadcrumbList\",\"@id\":\"https:\/\/bien-etre-solidaire.com\/index.php\/contact-2\/#breadcrumb\",\"itemListElement\":[{\"@type\":\"ListItem\",\"position\":1,\"name\":\"Accueil\",\"item\":\"https:\/\/bien-etre-solidaire.com\/\"},{\"@type\":\"ListItem\",\"position\":2,\"name\":\"Contact\"}]},{\"@type\":\"WebSite\",\"@id\":\"https:\/\/bien-etre-solidaire.com\/#website\",\"url\":\"https:\/\/bien-etre-solidaire.com\/\",\"name\":\"Bien-\u00eatre-solidaire\",\"description\":\"Un r\u00e9confort pour un sourire\",\"publisher\":{\"@id\":\"https:\/\/bien-etre-solidaire.com\/#organization\"},\"potentialAction\":[{\"@type\":\"SearchAction\",\"target\":{\"@type\":\"EntryPoint\",\"urlTemplate\":\"https:\/\/bien-etre-solidaire.com\/?s={search_term_string}\"},\"query-input\":{\"@type\":\"PropertyValueSpecification\",\"valueRequired\":true,\"valueName\":\"search_term_string\"}}],\"inLanguage\":\"fr-FR\"},{\"@type\":\"Organization\",\"@id\":\"https:\/\/bien-etre-solidaire.com\/#organization\",\"name\":\"Bien-\u00eatre-solidaire\",\"url\":\"https:\/\/bien-etre-solidaire.com\/\",\"logo\":{\"@type\":\"ImageObject\",\"inLanguage\":\"fr-FR\",\"@id\":\"https:\/\/bien-etre-solidaire.com\/#\/schema\/logo\/image\/\",\"url\":\"https:\/\/bien-etre-solidaire.com\/wp-content\/uploads\/2023\/02\/cropped-logo-Bien-etre-solidaire-2023-512x512-1.jpg\",\"contentUrl\":\"https:\/\/bien-etre-solidaire.com\/wp-content\/uploads\/2023\/02\/cropped-logo-Bien-etre-solidaire-2023-512x512-1.jpg\",\"width\":512,\"height\":512,\"caption\":\"Bien-\u00eatre-solidaire\"},\"image\":{\"@id\":\"https:\/\/bien-etre-solidaire.com\/#\/schema\/logo\/image\/\"}}]}<\/script>\n<!-- \/ Yoast SEO plugin. -->","yoast_head_json":{"title":"Contact - Bien-\u00eatre-solidaire","robots":{"index":"index","follow":"follow","max-snippet":"max-snippet:-1","max-image-preview":"max-image-preview:large","max-video-preview":"max-video-preview:-1"},"canonical":"https:\/\/bien-etre-solidaire.com\/index.php\/contact-2\/","og_locale":"fr_FR","og_type":"article","og_title":"Contact - Bien-\u00eatre-solidaire","og_description":"Rendre le Bien-\u00eatre accessible \u00e0 Tous sans distinction et dans la dignit\u00e9. Permettre au plus grand nombre de b\u00e9n\u00e9ficier et","og_url":"https:\/\/bien-etre-solidaire.com\/index.php\/contact-2\/","og_site_name":"Bien-\u00eatre-solidaire","article_modified_time":"2023-02-11T14:09:14+00:00","og_image":[{"url":"https:\/\/bien-etre-solidaire.com\/wp-content\/uploads\/2023\/02\/logo-Bien-etre-solidaire-2018.jpg","type":"","width":"","height":""}],"twitter_card":"summary_large_image","twitter_misc":{"Dur\u00e9e de lecture estim\u00e9e":"1 minute"},"schema":{"@context":"https:\/\/schema.org","@graph":[{"@type":"WebPage","@id":"https:\/\/bien-etre-solidaire.com\/index.php\/contact-2\/","url":"https:\/\/bien-etre-solidaire.com\/index.php\/contact-2\/","name":"Contact - Bien-\u00eatre-solidaire","isPartOf":{"@id":"https:\/\/bien-etre-solidaire.com\/#website"},"primaryImageOfPage":{"@id":"https:\/\/bien-etre-solidaire.com\/index.php\/contact-2\/#primaryimage"},"image":{"@id":"https:\/\/bien-etre-solidaire.com\/index.php\/contact-2\/#primaryimage"},"thumbnailUrl":"https:\/\/bien-etre-solidaire.com\/wp-content\/uploads\/2023\/02\/logo-Bien-etre-solidaire-2018.jpg","datePublished":"2023-02-10T19:34:08+00:00","dateModified":"2023-02-11T14:09:14+00:00","breadcrumb":{"@id":"https:\/\/bien-etre-solidaire.com\/index.php\/contact-2\/#breadcrumb"},"inLanguage":"fr-FR","potentialAction":[{"@type":"ReadAction","target":["https:\/\/bien-etre-solidaire.com\/index.php\/contact-2\/"]}]},{"@type":"ImageObject","inLanguage":"fr-FR","@id":"https:\/\/bien-etre-solidaire.com\/index.php\/contact-2\/#primaryimage","url":"https:\/\/bien-etre-solidaire.com\/wp-content\/uploads\/2023\/02\/logo-Bien-etre-solidaire-2018.jpg","contentUrl":"https:\/\/bien-etre-solidaire.com\/wp-content\/uploads\/2023\/02\/logo-Bien-etre-solidaire-2018.jpg","width":777,"height":777},{"@type":"BreadcrumbList","@id":"https:\/\/bien-etre-solidaire.com\/index.php\/contact-2\/#breadcrumb","itemListElement":[{"@type":"ListItem","position":1,"name":"Accueil","item":"https:\/\/bien-etre-solidaire.com\/"},{"@type":"ListItem","position":2,"name":"Contact"}]},{"@type":"WebSite","@id":"https:\/\/bien-etre-solidaire.com\/#website","url":"https:\/\/bien-etre-solidaire.com\/","name":"Bien-\u00eatre-solidaire","description":"Un r\u00e9confort pour un sourire","publisher":{"@id":"https:\/\/bien-etre-solidaire.com\/#organization"},"potentialAction":[{"@type":"SearchAction","target":{"@type":"EntryPoint","urlTemplate":"https:\/\/bien-etre-solidaire.com\/?s={search_term_string}"},"query-input":{"@type":"PropertyValueSpecification","valueRequired":true,"valueName":"search_term_string"}}],"inLanguage":"fr-FR"},{"@type":"Organization","@id":"https:\/\/bien-etre-solidaire.com\/#organization","name":"Bien-\u00eatre-solidaire","url":"https:\/\/bien-etre-solidaire.com\/","logo":{"@type":"ImageObject","inLanguage":"fr-FR","@id":"https:\/\/bien-etre-solidaire.com\/#\/schema\/logo\/image\/","url":"https:\/\/bien-etre-solidaire.com\/wp-content\/uploads\/2023\/02\/cropped-logo-Bien-etre-solidaire-2023-512x512-1.jpg","contentUrl":"https:\/\/bien-etre-solidaire.com\/wp-content\/uploads\/2023\/02\/cropped-logo-Bien-etre-solidaire-2023-512x512-1.jpg","width":512,"height":512,"caption":"Bien-\u00eatre-solidaire"},"image":{"@id":"https:\/\/bien-etre-solidaire.com\/#\/schema\/logo\/image\/"}}]}},"jetpack_sharing_enabled":true,"_links":{"self":[{"href":"https:\/\/bien-etre-solidaire.com\/index.php\/wp-json\/wp\/v2\/pages\/678","targetHints":{"allow":["GET"]}}],"collection":[{"href":"https:\/\/bien-etre-solidaire.com\/index.php\/wp-json\/wp\/v2\/pages"}],"about":[{"href":"https:\/\/bien-etre-solidaire.com\/index.php\/wp-json\/wp\/v2\/types\/page"}],"author":[{"embeddable":true,"href":"https:\/\/bien-etre-solidaire.com\/index.php\/wp-json\/wp\/v2\/users\/1"}],"replies":[{"embeddable":true,"href":"https:\/\/bien-etre-solidaire.com\/index.php\/wp-json\/wp\/v2\/comments?post=678"}],"version-history":[{"count":3,"href":"https:\/\/bien-etre-solidaire.com\/index.php\/wp-json\/wp\/v2\/pages\/678\/revisions"}],"predecessor-version":[{"id":713,"href":"https:\/\/bien-etre-solidaire.com\/index.php\/wp-json\/wp\/v2\/pages\/678\/revisions\/713"}],"wp:attachment":[{"href":"https:\/\/bien-etre-solidaire.com\/index.php\/wp-json\/wp\/v2\/media?parent=678"}],"curies":[{"name":"wp","href":"https:\/\/api.w.org\/{rel}","templated":true}]}}